{"id":628,"date":"2025-08-14T20:58:58","date_gmt":"2025-08-14T20:58:58","guid":{"rendered":"https:\/\/www.aide-domicile.ca\/?page_id=628"},"modified":"2025-11-18T19:10:18","modified_gmt":"2025-11-18T19:10:18","slug":"emplois","status":"publish","type":"page","link":"https:\/\/www.aide-domicile.ca\/index.php\/emplois\/","title":{"rendered":"Emplois"},"content":{"rendered":"<div class=\"wpb-content-wrapper\"><p>[vc_row type=\u00a0\u00bbdefault_section\u00a0\u00bb container_type=\u00a0\u00bbin_grid\u00a0\u00bb bg_image_repeat=\u00a0\u00bbrepeat-y\u00a0\u00bb bg_parallax=\u00a0\u00bbdisable\u00a0\u00bb bg_overlay_color=\u00a0\u00bb#2d3e50&Prime; padding_top=\u00a0\u00bb50px\u00a0\u00bb padding_bottom=\u00a0\u00bb80px\u00a0\u00bb css=\u00a0\u00bb.vc_custom_1755874023353{margin-bottom: 0px !important;}\u00a0\u00bb][vc_column css=\u00a0\u00bb.vc_custom_1755876886643{padding-top: 0px !important;}\u00a0\u00bb][vc_row_inner equal_height=\u00a0\u00bbyes\u00a0\u00bb content_placement=\u00a0\u00bbtop\u00a0\u00bb css=\u00a0\u00bb.vc_custom_1755196895179{background-position: center !important;background-repeat: no-repeat !important;background-size: cover !important;}\u00a0\u00bb][vc_column_inner css=\u00a0\u00bb.vc_custom_1755877969988{margin-top: 25px !important;padding-top: 0px !important;}\u00a0\u00bb][vc_column_text css=\u00a0\u00bb\u00a0\u00bb]<\/p>\n<h1>Faites partie d\u2019une \u00e9quipe dynamique et faites la diff\u00e9rence autour de vous!<\/h1>\n<p>[\/vc_column_text][vc_text_separator title=\u00a0\u00bb\u00a0\u00bb color=\u00a0\u00bbblack\u00a0\u00bb css=\u00a0\u00bb\u00a0\u00bb el_class=\u00a0\u00bbseparator\u00a0\u00bb][\/vc_column_inner][\/vc_row_inner][vc_row_inner equal_height=\u00a0\u00bbyes\u00a0\u00bb content_placement=\u00a0\u00bbtop\u00a0\u00bb css=\u00a0\u00bb.vc_custom_1755877798627{background-position: center !important;background-repeat: no-repeat !important;background-size: cover !important;}\u00a0\u00bb][vc_column_inner width=\u00a0\u00bb2\/3&Prime; css=\u00a0\u00bb.vc_custom_1755877805794{margin-top: 20px !important;}\u00a0\u00bb][vc_column_text css=\u00a0\u00bb\u00a0\u00bb el_id=\u00a0\u00bbintro\u00a0\u00bb]REM\/ Aide \u00e0 domicile conna\u00eet un essor remarquable puisqu\u2019elle r\u00e9pond \u00e0 des besoins de plus en plus croissants au sein de notre communaut\u00e9 vieillissante.<\/p>\n<p>Pr\u00e9sentement, nous desservons pr\u00e8s de 800 clients et employons une cinquantaine de pr\u00e9pos\u00e9es. Cela n\u2019est pas suffisant suite \u00e0 la forte demande et cela engendre de l\u2019attente.<\/p>\n<p>&nbsp;<\/p>\n<p style=\"text-align: center;\"><strong>Rejoignez notre \u00e9quipe et faites une r\u00e9elle diff\u00e9rence au quotidien!<\/strong><\/p>\n<p>[\/vc_column_text][vc_btn title=\u00a0\u00bbVoir les emplois disponibles\u00a0\u00bb style=\u00a0\u00bbcustom\u00a0\u00bb custom_background=\u00a0\u00bb#1d60a2&Prime; custom_text=\u00a0\u00bb#ffffff\u00a0\u00bb shape=\u00a0\u00bbsquare\u00a0\u00bb align=\u00a0\u00bbcenter\u00a0\u00bb css=\u00a0\u00bb.vc_custom_1756149036947{margin-top: 20px !important;}\u00a0\u00bb link=\u00a0\u00bburl:%23section-emplois\u00a0\u00bb][\/vc_column_inner][vc_column_inner width=\u00a0\u00bb1\/3&Prime; css=\u00a0\u00bb.vc_custom_1755877812448{padding-right: 30px !important;}\u00a0\u00bb][vc_gallery interval=\u00a0\u00bb10&Prime; images=\u00a0\u00bb610,404&Prime; img_size=\u00a0\u00bblarge\u00a0\u00bb onclick=\u00a0\u00bb\u00a0\u00bb css=\u00a0\u00bb\u00a0\u00bb][\/vc_column_inner][\/vc_row_inner][\/vc_column][\/vc_row][vc_row type=\u00a0\u00bbdefault_section\u00a0\u00bb container_type=\u00a0\u00bbin_grid\u00a0\u00bb bg_image_repeat=\u00a0\u00bbrepeat-y\u00a0\u00bb bg_parallax=\u00a0\u00bbdisable\u00a0\u00bb bg_overlay_color=\u00a0\u00bb#2d3e50&Prime; padding_top=\u00a0\u00bb50px\u00a0\u00bb padding_bottom=\u00a0\u00bb80px\u00a0\u00bb css=\u00a0\u00bb.vc_custom_1755891675200{margin-top: 0px !important;background-color: #57524f !important;}\u00a0\u00bb][vc_column css=\u00a0\u00bb.vc_custom_1755878959634{margin-bottom: 25px !important;}\u00a0\u00bb][vc_column_text css=\u00a0\u00bb.vc_custom_1755885077103{margin-top: 60px !important;margin-bottom: 25px !important;}\u00a0\u00bb el_class=\u00a0\u00bbtitre-entretien\u00a0\u00bb]<\/p>\n<h2 style=\"text-align: center; color: #fff;\">Des avantages qui comptent vraiment<\/h2>\n<p>[\/vc_column_text][vc_row_inner equal_height=\u00a0\u00bbyes\u00a0\u00bb content_placement=\u00a0\u00bbmiddle\u00a0\u00bb gap=\u00a0\u00bb20&Prime;][vc_column_inner el_class=\u00a0\u00bbcolonne-avantage-emploi\u00a0\u00bb width=\u00a0\u00bb1\/3&Prime; css=\u00a0\u00bb.vc_custom_1755875707315{padding-bottom: 10px !important;background-color: rgba(255,255,255,0.9) !important;*background-color: rgb(255,255,255) !important;}\u00a0\u00bb][vc_icon icon_fontawesome=\u00a0\u00bbfas fa-clock\u00a0\u00bb color=\u00a0\u00bbcustom\u00a0\u00bb background_style=\u00a0\u00bbrounded\u00a0\u00bb background_color=\u00a0\u00bbcustom\u00a0\u00bb size=\u00a0\u00bblg\u00a0\u00bb align=\u00a0\u00bbcenter\u00a0\u00bb css=\u00a0\u00bb.vc_custom_1755878568177{margin-bottom: 14px !important;padding-bottom: 0px !important;}\u00a0\u00bb custom_color=\u00a0\u00bb#0e2670&Prime; custom_background_color=\u00a0\u00bb#ffffff\u00a0\u00bb el_class=\u00a0\u00bbicone-avantage\u00a0\u00bb][vc_column_text css=\u00a0\u00bb\u00a0\u00bb]<\/p>\n<p style=\"text-align: center;\">Des horaires qui permettent la conciliation travail-famille (Temps partiel ou temps plein)<\/p>\n<p>[\/vc_column_text][\/vc_column_inner][vc_column_inner el_class=\u00a0\u00bbcolonne-avantage-emploi\u00a0\u00bb width=\u00a0\u00bb1\/3&Prime; css=\u00a0\u00bb.vc_custom_1755199121463{background-color: #fec013 !important;}\u00a0\u00bb][vc_icon icon_fontawesome=\u00a0\u00bbfas fa-home\u00a0\u00bb color=\u00a0\u00bbcustom\u00a0\u00bb background_style=\u00a0\u00bbrounded\u00a0\u00bb background_color=\u00a0\u00bbwhite\u00a0\u00bb size=\u00a0\u00bblg\u00a0\u00bb align=\u00a0\u00bbcenter\u00a0\u00bb css=\u00a0\u00bb.vc_custom_1755199851466{margin-bottom: 14px !important;border-bottom-width: 0px !important;padding-bottom: 0px !important;}\u00a0\u00bb custom_color=\u00a0\u00bb#0e2670&Prime;][vc_column_text css=\u00a0\u00bb\u00a0\u00bb]<\/p>\n<p style=\"text-align: center;\">Un travail \u00e0 proximit\u00e9 de votre domicile<\/p>\n<p>[\/vc_column_text][\/vc_column_inner][vc_column_inner el_class=\u00a0\u00bbcolonne-avantage-emploi\u00a0\u00bb width=\u00a0\u00bb1\/3&Prime; css=\u00a0\u00bb.vc_custom_1755199130185{background-color: #fec013 !important;}\u00a0\u00bb][vc_icon icon_fontawesome=\u00a0\u00bbfas fa-briefcase\u00a0\u00bb color=\u00a0\u00bbcustom\u00a0\u00bb background_style=\u00a0\u00bbrounded\u00a0\u00bb background_color=\u00a0\u00bbwhite\u00a0\u00bb size=\u00a0\u00bblg\u00a0\u00bb align=\u00a0\u00bbcenter\u00a0\u00bb css=\u00a0\u00bb.vc_custom_1755199834234{margin-bottom: 14px !important;border-bottom-width: 0px !important;padding-bottom: 0px !important;}\u00a0\u00bb custom_color=\u00a0\u00bb#0e2670&Prime;][vc_column_text css=\u00a0\u00bb\u00a0\u00bb]<\/p>\n<p style=\"text-align: center;\">Une stabilit\u00e9 d\u2019emploi dans un march\u00e9 toujours en croissance<\/p>\n<p>[\/vc_column_text][\/vc_column_inner][\/vc_row_inner][vc_row_inner equal_height=\u00a0\u00bbyes\u00a0\u00bb content_placement=\u00a0\u00bbmiddle\u00a0\u00bb gap=\u00a0\u00bb20&Prime;][vc_column_inner el_class=\u00a0\u00bbcolonne-avantage-emploi\u00a0\u00bb width=\u00a0\u00bb1\/3&Prime; css=\u00a0\u00bb.vc_custom_1755199114483{background-color: #fec013 !important;}\u00a0\u00bb][vc_icon icon_fontawesome=\u00a0\u00bbfas fa-chart-line\u00a0\u00bb color=\u00a0\u00bbcustom\u00a0\u00bb background_style=\u00a0\u00bbrounded\u00a0\u00bb background_color=\u00a0\u00bbwhite\u00a0\u00bb size=\u00a0\u00bblg\u00a0\u00bb align=\u00a0\u00bbcenter\u00a0\u00bb css=\u00a0\u00bb.vc_custom_1755199881736{margin-bottom: 14px !important;border-bottom-width: 0px !important;padding-bottom: 0px !important;}\u00a0\u00bb custom_color=\u00a0\u00bb#0e2670&Prime;][vc_column_text css=\u00a0\u00bb\u00a0\u00bb]<\/p>\n<p style=\"text-align: center;\">Des possibilit\u00e9s d\u2019avancement<\/p>\n<p>[\/vc_column_text][\/vc_column_inner][vc_column_inner el_class=\u00a0\u00bbcolonne-avantage-emploi\u00a0\u00bb width=\u00a0\u00bb1\/3&Prime; css=\u00a0\u00bb.vc_custom_1755199121463{background-color: #fec013 !important;}\u00a0\u00bb][vc_icon icon_fontawesome=\u00a0\u00bbfas fa-graduation-cap\u00a0\u00bb color=\u00a0\u00bbcustom\u00a0\u00bb background_style=\u00a0\u00bbrounded\u00a0\u00bb background_color=\u00a0\u00bbwhite\u00a0\u00bb size=\u00a0\u00bblg\u00a0\u00bb align=\u00a0\u00bbcenter\u00a0\u00bb css=\u00a0\u00bb.vc_custom_1755199900641{margin-bottom: 14px !important;border-bottom-width: 0px !important;padding-bottom: 0px !important;}\u00a0\u00bb custom_color=\u00a0\u00bb#0e2670&Prime;][vc_column_text css=\u00a0\u00bb\u00a0\u00bb]<\/p>\n<p style=\"text-align: center;\">De la formation continue offerte par l&#8217;employeur<\/p>\n<p>[\/vc_column_text][\/vc_column_inner][vc_column_inner el_class=\u00a0\u00bbcolonne-avantage-emploi\u00a0\u00bb width=\u00a0\u00bb1\/3&Prime; css=\u00a0\u00bb.vc_custom_1755199130185{background-color: #fec013 !important;}\u00a0\u00bb][vc_icon icon_fontawesome=\u00a0\u00bbfas fa-file-invoice-dollar\u00a0\u00bb color=\u00a0\u00bbcustom\u00a0\u00bb background_style=\u00a0\u00bbrounded\u00a0\u00bb background_color=\u00a0\u00bbwhite\u00a0\u00bb size=\u00a0\u00bblg\u00a0\u00bb align=\u00a0\u00bbcenter\u00a0\u00bb css=\u00a0\u00bb.vc_custom_1755199927337{margin-bottom: 14px !important;border-bottom-width: 0px !important;padding-bottom: 0px !important;}\u00a0\u00bb custom_color=\u00a0\u00bb#0e2670&Prime;][vc_column_text css=\u00a0\u00bb\u00a0\u00bb]<\/p>\n<p style=\"text-align: center;\">Un remboursement des frais de d\u00e9placement selon la politique en vigueur<\/p>\n<p>[\/vc_column_text][\/vc_column_inner][\/vc_row_inner][vc_column_text css=\u00a0\u00bb.vc_custom_1755884970272{margin-top: 60px !important;margin-bottom: 25px !important;}\u00a0\u00bb el_class=\u00a0\u00bbtitre-entretien\u00a0\u00bb][\/vc_column_text][\/vc_column][\/vc_row][vc_row full_height=\u00a0\u00bbyes\u00a0\u00bb columns_placement=\u00a0\u00bbtop\u00a0\u00bb equal_height=\u00a0\u00bbyes\u00a0\u00bb content_placement=\u00a0\u00bbtop\u00a0\u00bb type=\u00a0\u00bbdefault_section\u00a0\u00bb container_type=\u00a0\u00bbin_grid\u00a0\u00bb bg_image_repeat=\u00a0\u00bbrepeat-y\u00a0\u00bb bg_parallax=\u00a0\u00bbdisable\u00a0\u00bb bg_overlay_color=\u00a0\u00bb#2d3e50&Prime; padding_top=\u00a0\u00bb30px\u00a0\u00bb padding_bottom=\u00a0\u00bb50px\u00a0\u00bb wego_id=\u00a0\u00bbassistance-personnelle\u00a0\u00bb css=\u00a0\u00bb.vc_custom_1756129962215{margin-bottom: 40px !important;padding-top: 0px !important;}\u00a0\u00bb][vc_column][vc_row_inner el_id=\u00a0\u00bbsection-emplois\u00a0\u00bb css=\u00a0\u00bb.vc_custom_1756132668618{margin-bottom: 10px !important;}\u00a0\u00bb][vc_column_inner][\/vc_column_inner][\/vc_row_inner][vc_row_inner][vc_column_inner width=\u00a0\u00bb1\/2&Prime; el_id=\u00a0\u00bbliste-emplois\u00a0\u00bb][vc_column_text css=\u00a0\u00bb.vc_custom_1756168189605{margin-bottom: 0px !important;background-color: #fec013 !important;}\u00a0\u00bb el_class=\u00a0\u00bbtitre-onglet-jaune\u00a0\u00bb]<\/p>\n<h2 class=\"titre-assistance\" style=\"text-align: left;\">Emploi(s) disponible(s)<\/h2>\n<p>[\/vc_column_text][vc_btn title=\u00a0\u00bbPr\u00e9pos\u00e9e aide \u00e0 domicile(Windsor et r\u00e9gions)\u00a0\u00bb style=\u00a0\u00bbcustom\u00a0\u00bb custom_background=\u00a0\u00bb#ffffff\u00a0\u00bb custom_text=\u00a0\u00bb#0e2670&Prime; shape=\u00a0\u00bbsquare\u00a0\u00bb align=\u00a0\u00bbleft\u00a0\u00bb i_align=\u00a0\u00bbright\u00a0\u00bb i_icon_fontawesome=\u00a0\u00bbfas fa-caret-square-right\u00a0\u00bb css_animation=\u00a0\u00bbfadeIn\u00a0\u00bb css=\u00a0\u00bb.vc_custom_1763493013079{margin-top: 0px !important;margin-bottom: 0px !important;border-top-width: 1px !important;border-bottom-width: 1px !important;background-color: #ffffff !important;border-top-style: solid !important;border-bottom-style: solid !important;border-radius: 1px !important;border-color: #0e2670 !important;}\u00a0\u00bb button_block=\u00a0\u00bbtrue\u00a0\u00bb add_icon=\u00a0\u00bbtrue\u00a0\u00bb link=\u00a0\u00bburl:https%3A%2F%2Fwww.aide-domicile.ca%2Findex.php%2F2025%2F11%2F18%2Fpreposee-aide-a-domicilewindsor-et-regions%2F|title:pr%C3%A9pos%C3%A9e%20aide%20%C3%A0%20domicile(Windsor%20et%20r%C3%A9gions)\u00a0\u00bb el_class=\u00a0\u00bbbtn-emploi\u00a0\u00bb][\/vc_column_inner][vc_column_inner width=\u00a0\u00bb1\/2&Prime; el_id=\u00a0\u00bbcandidature-spontanee\u00a0\u00bb][vc_column_text css=\u00a0\u00bb\u00a0\u00bb el_class=\u00a0\u00bbtitre-onglet-jaune\u00a0\u00bb]<\/p>\n<h2 class=\"titre-assistance\" style=\"text-align: left;\">Candidature spontan\u00e9e<\/h2>\n<p>[\/vc_column_text][vc_column_text css=\u00a0\u00bb\u00a0\u00bb]<\/p>\n<p style=\"text-align: center;\">M\u00eame si aucun poste ne correspond \u00e0 votre profil, nous restons ouverts \u00e0 recevoir des candidatures spontan\u00e9es.<\/p>\n<p>[\/vc_column_text][vc_btn title=\u00a0\u00bbPostuler\u00a0\u00bb style=\u00a0\u00bbcustom\u00a0\u00bb custom_background=\u00a0\u00bb#1d60a2&Prime; custom_text=\u00a0\u00bb#ffffff\u00a0\u00bb shape=\u00a0\u00bbsquare\u00a0\u00bb align=\u00a0\u00bbcenter\u00a0\u00bb css=\u00a0\u00bb.vc_custom_1756133463032{margin-top: 20px !important;}\u00a0\u00bb link=\u00a0\u00bburl:%2Findex.php%2Femplois%2Fcandidature-spontanee%2F\u00a0\u00bb][\/vc_column_inner][\/vc_row_inner][\/vc_column][\/vc_row]<\/p>\n<\/div>","protected":false},"excerpt":{"rendered":"<p>[vc_row type=\u00a0\u00bbdefault_section\u00a0\u00bb container_type=\u00a0\u00bbin_grid\u00a0\u00bb bg_image_repeat=\u00a0\u00bbrepeat-y\u00a0\u00bb bg_parallax=\u00a0\u00bbdisable\u00a0\u00bb bg_overlay_color=\u00a0\u00bb#2d3e50&Prime; padding_top=\u00a0\u00bb50px\u00a0\u00bb padding_bottom=\u00a0\u00bb80px\u00a0\u00bb css=\u00a0\u00bb.vc_custom_1755874023353{margin-bottom: 0px !important;}\u00a0\u00bb][vc_column css=\u00a0\u00bb.vc_custom_1755876886643{padding-top: 0px !important;}\u00a0\u00bb][vc_row_inner equal_height=\u00a0\u00bbyes\u00a0\u00bb content_placement=\u00a0\u00bbtop\u00a0\u00bb css=\u00a0\u00bb.vc_custom_1755196895179{background-position: center !important;background-repeat: no-repeat !important;background-size: cover&#8230;<\/p>\n","protected":false},"author":2,"featured_media":0,"parent":0,"menu_order":0,"comment_status":"closed","ping_status":"closed","template":"template-vc.php","meta":{"footnotes":""},"class_list":["post-628","page","type-page","status-publish","hentry"],"_links":{"self":[{"href":"https:\/\/www.aide-domicile.ca\/index.php\/wp-json\/wp\/v2\/pages\/628","targetHints":{"allow":["GET"]}}],"collection":[{"href":"https:\/\/www.aide-domicile.ca\/index.php\/wp-json\/wp\/v2\/pages"}],"about":[{"href":"https:\/\/www.aide-domicile.ca\/index.php\/wp-json\/wp\/v2\/types\/page"}],"author":[{"embeddable":true,"href":"https:\/\/www.aide-domicile.ca\/index.php\/wp-json\/wp\/v2\/users\/2"}],"replies":[{"embeddable":true,"href":"https:\/\/www.aide-domicile.ca\/index.php\/wp-json\/wp\/v2\/comments?post=628"}],"version-history":[{"count":135,"href":"https:\/\/www.aide-domicile.ca\/index.php\/wp-json\/wp\/v2\/pages\/628\/revisions"}],"predecessor-version":[{"id":893,"href":"https:\/\/www.aide-domicile.ca\/index.php\/wp-json\/wp\/v2\/pages\/628\/revisions\/893"}],"wp:attachment":[{"href":"https:\/\/www.aide-domicile.ca\/index.php\/wp-json\/wp\/v2\/media?parent=628"}],"curies":[{"name":"wp","href":"https:\/\/api.w.org\/{rel}","templated":true}]}}