{"id":33,"date":"2021-03-01T11:29:58","date_gmt":"2021-03-01T11:29:58","guid":{"rendered":"http:\/\/www.aide-domicile.ca\/?page_id=33"},"modified":"2025-11-18T13:44:10","modified_gmt":"2025-11-18T13:44:10","slug":"nous-joindre","status":"publish","type":"page","link":"https:\/\/www.aide-domicile.ca\/index.php\/nous-joindre\/","title":{"rendered":"Nous joindre"},"content":{"rendered":"<div class=\"wpb-content-wrapper\"><p>[vc_row type=\u00a0\u00bbdefault_section\u00a0\u00bb container_type=\u00a0\u00bbfull_width\u00a0\u00bb bg_image_repeat=\u00a0\u00bbrepeat-y\u00a0\u00bb bg_parallax=\u00a0\u00bbdisable\u00a0\u00bb bg_overlay_color=\u00a0\u00bb#2d3e50&Prime; padding_top=\u00a0\u00bb0px\u00a0\u00bb padding_bottom=\u00a0\u00bb0px\u00a0\u00bb wego_no_mb=\u00a0\u00bbno-margin\u00a0\u00bb wego_class=\u00a0\u00bbgoogle-map\u00a0\u00bb][vc_column][vc_gmaps link=\u00a0\u00bb#E-8_JTNDaWZyYW1lJTIwc3JjJTNEJTIyaHR0cHMlM0ElMkYlMkZ3d3cuZ29vZ2xlLmNvbSUyRm1hcHMlMkZlbWJlZCUzRnBiJTNEJTIxMW0xOCUyMTFtMTIlMjExbTMlMjExZDI3ODMuMDMxMTcyOTI0MDI2JTIxMmQtNzEuOTM2MDI2MDI0MjIyNDclMjEzZDQ1Ljc3MDU2NTUxMjk0NjA2NCUyMTJtMyUyMTFmMCUyMTJmMCUyMTNmMCUyMTNtMiUyMTFpMTAyNCUyMTJpNzY4JTIxNGYxMy4xJTIxM20zJTIxMW0yJTIxMXMweDRjYjdlZWI0NWU0NWYzZGQlMjUzQTB4ZTlhN2Y2MTliNzNkZmJkMiUyMTJzNDExJTI1MjBSdWUlMjUyMENoYXNzJTI1QzMlMjVBOSUyNTIwYnVyZWF1JTI1MjAyMDglMjUyQyUyNTIwVmFsLWRlcy1Tb3VyY2VzJTI1MkMlMjUyMFFDJTI1MjBKMVQlMjUyMDJCNiUyNTJDJTI1MjBDYW5hZGElMjE1ZTAlMjEzbTIlMjExc2ZyJTIxMnN1cyUyMTR2MTc1NTA5OTcxOTA3MyUyMTVtMiUyMTFzZnIlMjEyc3VzJTIyJTIwd2lkdGglM0QlMjIxOTIwJTIyJTIwaGVpZ2h0JTNEJTIyNDAwJTIyJTIwZnJhbWVib3JkZXIlM0QlMjIwJTIyJTIwc3R5bGUlM0QlMjJib3JkZXIlM0EwJTIyJTNFJTNDJTJGaWZyYW1lJTNF\u00a0\u00bb size=\u00a0\u00bb60%\u00a0\u00bb css=\u00a0\u00bb\u00a0\u00bb map_border=\u00a0\u00bbmap_border_disable\u00a0\u00bb][\/vc_column][\/vc_row][vc_row type=\u00a0\u00bbdefault_section\u00a0\u00bb container_type=\u00a0\u00bbin_grid\u00a0\u00bb bg_image_repeat=\u00a0\u00bbrepeat-y\u00a0\u00bb bg_parallax=\u00a0\u00bbdisable\u00a0\u00bb bg_overlay_color=\u00a0\u00bb#2d3e50&Prime; padding_top=\u00a0\u00bb90&Prime; padding_bottom=\u00a0\u00bb50&Prime; wego_no_mb=\u00a0\u00bbno-margin\u00a0\u00bb wego_class=\u00a0\u00bbcontact-head\u00a0\u00bb][vc_column][vc_column_text]<\/p>\n<h1>Nous joindre<\/h1>\n<p>[\/vc_column_text][vc_raw_html]JTNDaSUyMGNsYXNzJTNEJTIyZmElMjBmYS1wYXBlci1wbGFuZSUyMGZhLTN4JTIyJTNFJTNDJTJGaSUzRQ==[\/vc_raw_html][\/vc_column][\/vc_row][vc_row type=\u00a0\u00bbdefault_section\u00a0\u00bb container_type=\u00a0\u00bbin_grid\u00a0\u00bb bg_image_repeat=\u00a0\u00bbrepeat-y\u00a0\u00bb bg_parallax=\u00a0\u00bbdisable\u00a0\u00bb bg_overlay_color=\u00a0\u00bb#2d3e50&Prime; padding_top=\u00a0\u00bb30px\u00a0\u00bb padding_bottom=\u00a0\u00bb0px\u00a0\u00bb wego_no_mb=\u00a0\u00bbno-margin\u00a0\u00bb][vc_column width=\u00a0\u00bb1\/2&Prime;][vc_single_image image=\u00a0\u00bb598&Prime; img_size=\u00a0\u00bb300&Prime; css=\u00a0\u00bb\u00a0\u00bb][vc_column_text css=\u00a0\u00bb\u00a0\u00bb]<\/p>\n<h2>REM\/Aide \u00e0 domicile<\/h2>\n<p class=\"contact-adresse\">411, rue Chass\u00e9, bureau 208<br \/>\nVal-des-Sources (Qu\u00e9bec)\u00a0 J1T 2B6<\/p>\n<h3 class=\"google-map-alt\"><a href=\"https:\/\/maps.app.goo.gl\/Wqjvxy5YyNW3kAqTA\" target=\"_blank\" rel=\"noopener noreferrer\">Nous trouver sur Google map<\/a><\/h3>\n<p>T\u00e9l\u00e9phone : <a href=\"tel:+18198795659\">(819) 879-5659<\/a><\/p>\n<p>T\u00e9l\u00e9copieur : <a href=\"tel:+18198790651\">(819) 879-0651<\/a><\/p>\n<p>Agente \u00e0 l\u2019affectation : <a href=\"mailto:rem@cgocable.ca\" target=\"_blank\" rel=\"noopener noreferrer\">rem-cpoirier@aide-domicile.ca<\/a><\/p>\n<p class=\"contact-ajustement\"><span class=\"contact-perso\">Direction :<\/span> <a href=\"mailto:rem-froussy@cgocable.ca\" target=\"_blank\" rel=\"noopener noreferrer\">rem-lraynault@<\/a><a href=\"mailto:rem@cgocable.ca\" target=\"_blank\" rel=\"noopener noreferrer\">aide-domicile.ca<\/a><\/p>\n<p><span class=\"contact-perso\">Adjointe \u00e0 la direction :<\/span> <a href=\"mailto:rem-lraynault@cgocable.ca\" target=\"_blank\" rel=\"noopener noreferrer\">rem-froussy@<\/a><a href=\"mailto:rem@cgocable.ca\" target=\"_blank\" rel=\"noopener noreferrer\">aide-domicile.ca<\/a><\/p>\n<p><span class=\"contact-perso\">Comptabilit\u00e9 : <a href=\"mailto:rem-comptabilite@aide-domicile.ca\">rem-comptabilite@aide-domicile.ca<\/a><\/span>[\/vc_column_text][\/vc_column][vc_column width=\u00a0\u00bb1\/2&Prime;]\n<div class=\"wpcf7 no-js\" id=\"wpcf7-f256-o1\" lang=\"fr-FR\" dir=\"ltr\" data-wpcf7-id=\"256\">\n<div class=\"screen-reader-response\"><p role=\"status\" aria-live=\"polite\" aria-atomic=\"true\"><\/p> <ul><\/ul><\/div>\n<form action=\"\/index.php\/wp-json\/wp\/v2\/pages\/33#wpcf7-f256-o1\" method=\"post\" class=\"wpcf7-form init\" aria-label=\"Formulaire de contact\" novalidate=\"novalidate\" data-status=\"init\">\n<fieldset class=\"hidden-fields-container\"><input type=\"hidden\" name=\"_wpcf7\" value=\"256\" \/><input type=\"hidden\" name=\"_wpcf7_version\" value=\"6.1.5\" \/><input type=\"hidden\" name=\"_wpcf7_locale\" value=\"fr_FR\" \/><input type=\"hidden\" name=\"_wpcf7_unit_tag\" value=\"wpcf7-f256-o1\" \/><input type=\"hidden\" name=\"_wpcf7_container_post\" value=\"0\" \/><input type=\"hidden\" name=\"_wpcf7_posted_data_hash\" value=\"\" \/>\n<\/fieldset>\n<p>* Votre Nom\n<\/p>\n<p><span class=\"wpcf7-form-control-wrap\" data-name=\"your-name\"><input size=\"40\" maxlength=\"400\" class=\"wpcf7-form-control wpcf7-text wpcf7-validates-as-required\" aria-required=\"true\" aria-invalid=\"false\" value=\"\" type=\"text\" name=\"your-name\" \/><\/span>\n<\/p>\n<p>* Votre adresse courriel\n<\/p>\n<p><span class=\"wpcf7-form-control-wrap\" data-name=\"your-email\"><input size=\"40\" maxlength=\"400\" class=\"wpcf7-form-control wpcf7-email wpcf7-validates-as-required wpcf7-text wpcf7-validates-as-email\" aria-required=\"true\" aria-invalid=\"false\" value=\"\" type=\"email\" name=\"your-email\" \/><\/span>\n<\/p>\n<p>* Votre num\u00e9ro de t\u00e9l\u00e9phone\n<\/p>\n<p><span class=\"wpcf7-form-control-wrap\" data-name=\"tel-189\"><input size=\"40\" maxlength=\"400\" class=\"wpcf7-form-control wpcf7-tel wpcf7-validates-as-required wpcf7-text wpcf7-validates-as-tel\" aria-required=\"true\" aria-invalid=\"false\" value=\"\" type=\"tel\" name=\"tel-189\" \/><\/span>\n<\/p>\n<p>* Questions ou commentaires\n<\/p>\n<p><span class=\"wpcf7-form-control-wrap\" data-name=\"your-message\"><textarea cols=\"40\" rows=\"10\" maxlength=\"2000\" class=\"wpcf7-form-control wpcf7-textarea wpcf7-validates-as-required\" aria-required=\"true\" aria-invalid=\"false\" name=\"your-message\"><\/textarea><\/span>\n<\/p>\n<p>Veuillez remplir le Captcha suivant\n<\/p>\n<p><input type=\"hidden\" name=\"_wpcf7_captcha_challenge_captcha-229\" value=\"2479451741\" \/><img loading=\"lazy\" decoding=\"async\" class=\"wpcf7-form-control wpcf7-captchac wpcf7-captcha-captcha-229\" width=\"84\" height=\"28\" alt=\"captcha\" src=\"https:\/\/www.aide-domicile.ca\/wp-content\/uploads\/wpcf7_captcha\/2479451741.png\" \/>\n<\/p>\n<p><span class=\"wpcf7-form-control-wrap\" data-name=\"captcha-229\"><input size=\"4\" maxlength=\"4\" class=\"wpcf7-form-control wpcf7-captchar\" autocomplete=\"off\" aria-invalid=\"false\" value=\"\" type=\"text\" name=\"captcha-229\" \/><\/span>\n<\/p>\n<p><input class=\"wpcf7-form-control wpcf7-submit has-spinner\" type=\"submit\" value=\"Envoyer\" \/>\n<\/p><div class=\"wpcf7-response-output\" aria-hidden=\"true\"><\/div>\n<\/form>\n<\/div>\n[\/vc_column][\/vc_row][vc_row type=\u00a0\u00bbdefault_section\u00a0\u00bb container_type=\u00a0\u00bbin_grid\u00a0\u00bb bg_image_repeat=\u00a0\u00bbrepeat-y\u00a0\u00bb bg_parallax=\u00a0\u00bbdisable\u00a0\u00bb bg_overlay_color=\u00a0\u00bb#2d3e50&Prime; padding_top=\u00a0\u00bb0px\u00a0\u00bb padding_bottom=\u00a0\u00bb50&Prime;][vc_column][vc_column_text css=\u00a0\u00bb.vc_custom_1755100098737{padding-bottom: 30px !important;}\u00a0\u00bb]<\/p>\n<h2 class=\"Style15\">\u00c9quipe et partenaires<\/h2>\n<p class=\"Style16\" align=\"justify\">Les pr\u00e9pos\u00e9s sont outill\u00e9s et form\u00e9s pour jouer pleinement leur r\u00f4le d&rsquo;aidant et accomplir leurs t\u00e2ches d&rsquo;aide \u00e0 domicile.<\/p>\n<p align=\"justify\"><span class=\"Style16\">REM\/Aide \u00e0 domicile compte \u00e9galement sur le soutien de son conseil d\u2019administration. <\/span><\/p>\n<p>[\/vc_column_text][\/vc_column][\/vc_row]<\/p>\n<\/div>","protected":false},"excerpt":{"rendered":"<p>[vc_row type=\u00a0\u00bbdefault_section\u00a0\u00bb container_type=\u00a0\u00bbfull_width\u00a0\u00bb bg_image_repeat=\u00a0\u00bbrepeat-y\u00a0\u00bb bg_parallax=\u00a0\u00bbdisable\u00a0\u00bb bg_overlay_color=\u00a0\u00bb#2d3e50&Prime; padding_top=\u00a0\u00bb0px\u00a0\u00bb padding_bottom=\u00a0\u00bb0px\u00a0\u00bb wego_no_mb=\u00a0\u00bbno-margin\u00a0\u00bb wego_class=\u00a0\u00bbgoogle-map\u00a0\u00bb][vc_column][vc_gmaps link=\u00a0\u00bb#E-8_JTNDaWZyYW1lJTIwc3JjJTNEJTIyaHR0cHMlM0ElMkYlMkZ3d3cuZ29vZ2xlLmNvbSUyRm1hcHMlMkZlbWJlZCUzRnBiJTNEJTIxMW0xOCUyMTFtMTIlMjExbTMlMjExZDI3ODMuMDMxMTcyOTI0MDI2JTIxMmQtNzEuOTM2MDI2MDI0MjIyNDclMjEzZDQ1Ljc3MDU2NTUxMjk0NjA2NCUyMTJtMyUyMTFmMCUyMTJmMCUyMTNmMCUyMTNtMiUyMTFpMTAyNCUyMTJpNzY4JTIxNGYxMy4xJTIxM20zJTIxMW0yJTIxMXMweDRjYjdlZWI0NWU0NWYzZGQlMjUzQTB4ZTlhN2Y2MTliNzNkZmJkMiUyMTJzNDExJTI1MjBSdWUlMjUyMENoYXNzJTI1QzMlMjVBOSUyNTIwYnVyZWF1JTI1MjAyMDglMjUyQyUyNTIwVmFsLWRlcy1Tb3VyY2VzJTI1MkMlMjUyMFFDJTI1MjBKMVQlMjUyMDJCNiUyNTJDJTI1MjBDYW5hZGElMjE1ZTAlMjEzbTIlMjExc2ZyJTIxMnN1cyUyMTR2MTc1NTA5OTcxOTA3MyUyMTVtMiUyMTFzZnIlMjEyc3VzJTIyJTIwd2lkdGglM0QlMjIxOTIwJTIyJTIwaGVpZ2h0JTNEJTIyNDAwJTIyJTIwZnJhbWVib3JkZXIlM0QlMjIwJTIyJTIwc3R5bGUlM0QlMjJib3JkZXIlM0EwJTIyJTNFJTNDJTJGaWZyYW1lJTNF\u00a0\u00bb size=\u00a0\u00bb60%\u00a0\u00bb css=\u00a0\u00bb\u00a0\u00bb map_border=\u00a0\u00bbmap_border_disable\u00a0\u00bb][\/vc_column][\/vc_row][vc_row type=\u00a0\u00bbdefault_section\u00a0\u00bb container_type=\u00a0\u00bbin_grid\u00a0\u00bb bg_image_repeat=\u00a0\u00bbrepeat-y\u00a0\u00bb bg_parallax=\u00a0\u00bbdisable\u00a0\u00bb bg_overlay_color=\u00a0\u00bb#2d3e50&Prime; padding_top=\u00a0\u00bb90&Prime; padding_bottom=\u00a0\u00bb50&Prime; wego_no_mb=\u00a0\u00bbno-margin\u00a0\u00bb&#8230;<\/p>\n","protected":false},"author":1,"featured_media":0,"parent":0,"menu_order":0,"comment_status":"closed","ping_status":"closed","template":"template-vc.php","meta":{"footnotes":""},"class_list":["post-33","page","type-page","status-publish","hentry"],"_links":{"self":[{"href":"https:\/\/www.aide-domicile.ca\/index.php\/wp-json\/wp\/v2\/pages\/33","targetHints":{"allow":["GET"]}}],"collection":[{"href":"https:\/\/www.aide-domicile.ca\/index.php\/wp-json\/wp\/v2\/pages"}],"about":[{"href":"https:\/\/www.aide-domicile.ca\/index.php\/wp-json\/wp\/v2\/types\/page"}],"author":[{"embeddable":true,"href":"https:\/\/www.aide-domicile.ca\/index.php\/wp-json\/wp\/v2\/users\/1"}],"replies":[{"embeddable":true,"href":"https:\/\/www.aide-domicile.ca\/index.php\/wp-json\/wp\/v2\/comments?post=33"}],"version-history":[{"count":65,"href":"https:\/\/www.aide-domicile.ca\/index.php\/wp-json\/wp\/v2\/pages\/33\/revisions"}],"predecessor-version":[{"id":889,"href":"https:\/\/www.aide-domicile.ca\/index.php\/wp-json\/wp\/v2\/pages\/33\/revisions\/889"}],"wp:attachment":[{"href":"https:\/\/www.aide-domicile.ca\/index.php\/wp-json\/wp\/v2\/media?parent=33"}],"curies":[{"name":"wp","href":"https:\/\/api.w.org\/{rel}","templated":true}]}}