{"id":15,"date":"2015-05-11T13:27:41","date_gmt":"2015-05-11T13:27:41","guid":{"rendered":"http:\/\/www.aide-domicile.ca\/?page_id=15"},"modified":"2022-10-18T13:12:51","modified_gmt":"2022-10-18T13:12:51","slug":"tarifs","status":"publish","type":"page","link":"https:\/\/www.aide-domicile.ca\/index.php\/tarifs\/","title":{"rendered":"Tarifs"},"content":{"rendered":"<div class=\"wpb-content-wrapper\"><p>[vc_row][vc_column][vc_column_text]<\/p>\n<ul>\n<li>Les tarifs de l\u2019Entreprise sont\u00a0calcul\u00e9s\u00a0\u00e0 l&rsquo;heure pour un minimum de trois heures en travaux l\u00e9gers et lourds.<\/li>\n<\/ul>\n<ul>\n<li>Les clients de plus de 65 ans ou ayant une r\u00e9f\u00e9rence d\u2019un CSSS ne sont pas taxables.<\/li>\n<\/ul>\n<ul>\n<li>Les clients provenant de dossier CSST, SAAQ, Assurance priv\u00e9e, Anciens combattants ne sont pas taxables.<\/li>\n<\/ul>\n<ul>\n<li>Tous les clients (exception\u00a0: r\u00e9sidence secondaire, SAAQ, CSSST, Ass. priv\u00e9e, anciens comb.) ont droit \u00e0 une exon\u00e9ration financi\u00e8re PEFSAD.<\/li>\n<\/ul>\n<ul>\n<li>Pour les clients de plus de 65 ans ou ayant une r\u00e9f\u00e9rence d\u2019un CSSS, l\u2019aide PEFSAD est variable.<\/li>\n<\/ul>\n<ul>\n<li>Les clients de plus de 70 ans re\u00e7oivent \u00e0 la fin de l\u2019ann\u00e9e, un relev\u00e9 des services pay\u00e9s dans l\u2019ann\u00e9e pour un cr\u00e9dit d\u2019imp\u00f4t en aide \u00e0 domicile offert par le gouvernement provincial.<\/li>\n<\/ul>\n<p><strong>Pour bien calculer le co\u00fbt \u00e0 payer, il faut prendre le tarif entreprise moins l\u2019aide financi\u00e8re accord\u00e9e.<\/strong><\/p>\n<p>Ouverture de dossier n\u00e9cessaire.[\/vc_column_text][\/vc_column][\/vc_row][vc_row full_width=\u00a0\u00bbstretch_row\u00a0\u00bb css=\u00a0\u00bb.vc_custom_1666098469556{background-color: #cecece !important;}\u00a0\u00bb][vc_column][vc_column_text]<\/p>\n<h2 style=\"text-align: left;\">Simulateur d\u2019aide financi\u00e8re<\/h2>\n<p>[\/vc_column_text][vc_column_text]<\/p>\n<p style=\"text-align: left;\"><a href=\"https:\/\/aidechezsoi.com\/simulateur-daide-financiere\/\" target=\"_blank\" rel=\"noopener noreferrer\">https:\/\/aidechezsoi.com\/simulateur-daide-financiere\/<\/a><\/p>\n<p>[\/vc_column_text][\/vc_column][\/vc_row]<\/p>\n<\/div>","protected":false},"excerpt":{"rendered":"<p>[vc_row][vc_column][vc_column_text] Les tarifs de l\u2019Entreprise sont\u00a0calcul\u00e9s\u00a0\u00e0 l&rsquo;heure pour un minimum de trois heures en travaux l\u00e9gers et lourds. Les clients de plus&#8230;<\/p>\n","protected":false},"author":1,"featured_media":0,"parent":0,"menu_order":0,"comment_status":"open","ping_status":"closed","template":"template-page.php","meta":{"footnotes":""},"class_list":["post-15","page","type-page","status-publish","hentry"],"_links":{"self":[{"href":"https:\/\/www.aide-domicile.ca\/index.php\/wp-json\/wp\/v2\/pages\/15","targetHints":{"allow":["GET"]}}],"collection":[{"href":"https:\/\/www.aide-domicile.ca\/index.php\/wp-json\/wp\/v2\/pages"}],"about":[{"href":"https:\/\/www.aide-domicile.ca\/index.php\/wp-json\/wp\/v2\/types\/page"}],"author":[{"embeddable":true,"href":"https:\/\/www.aide-domicile.ca\/index.php\/wp-json\/wp\/v2\/users\/1"}],"replies":[{"embeddable":true,"href":"https:\/\/www.aide-domicile.ca\/index.php\/wp-json\/wp\/v2\/comments?post=15"}],"version-history":[{"count":22,"href":"https:\/\/www.aide-domicile.ca\/index.php\/wp-json\/wp\/v2\/pages\/15\/revisions"}],"predecessor-version":[{"id":546,"href":"https:\/\/www.aide-domicile.ca\/index.php\/wp-json\/wp\/v2\/pages\/15\/revisions\/546"}],"wp:attachment":[{"href":"https:\/\/www.aide-domicile.ca\/index.php\/wp-json\/wp\/v2\/media?parent=15"}],"curies":[{"name":"wp","href":"https:\/\/api.w.org\/{rel}","templated":true}]}}